{"id":9138,"date":"2025-09-29T13:42:08","date_gmt":"2025-09-29T11:42:08","guid":{"rendered":"https:\/\/www.about-living.com\/diseno-de-interiores\/"},"modified":"2025-10-21T17:12:38","modified_gmt":"2025-10-21T15:12:38","slug":"diseno-de-interiores","status":"publish","type":"page","link":"https:\/\/www.about-living.com\/es\/diseno-de-interiores\/","title":{"rendered":"Dise\u00f1o de interiores"},"content":{"rendered":"\t\t<div data-elementor-type=\"wp-page\" data-elementor-id=\"9138\" class=\"elementor elementor-9138 elementor-7823\">\n\t\t\t\t\t\t<section class=\"elementor-section elementor-top-section elementor-element elementor-element-b4a881f elementor-section-full_width qodef-elementor-content-grid elementor-section-height-default elementor-section-height-default\" data-id=\"b4a881f\" data-element_type=\"section\" data-e-type=\"section\">\n\t\t\t\t\t\t<div class=\"elementor-container elementor-column-gap-default\">\n\t\t\t\t\t<div class=\"elementor-column elementor-col-50 elementor-top-column elementor-element elementor-element-53b8d5e8\" data-id=\"53b8d5e8\" data-element_type=\"column\" data-e-type=\"column\">\n\t\t\t<div class=\"elementor-widget-wrap elementor-element-populated\">\n\t\t\t\t\t\t<div class=\"elementor-element elementor-element-78506be5 elementor-widget elementor-widget-emaurri_core_single_image\" data-id=\"78506be5\" data-element_type=\"widget\" data-e-type=\"widget\" data-widget_type=\"emaurri_core_single_image.default\">\n\t\t\t\t<div class=\"elementor-widget-container\">\n\t\t\t\t\t<div class=\"qodef-shortcode qodef-m qodef-single-image qodef-layout--default\">\n\t<div class=\"qodef-m-image\">\n\t\t\t<img fetchpriority=\"high\" decoding=\"async\" width=\"1920\" height=\"1440\" src=\"https:\/\/www.about-living.com\/wp-content\/uploads\/2025\/09\/Ramona_01.jpeg\" class=\"attachment-full size-full\" alt=\"Ramona\" srcset=\"https:\/\/www.about-living.com\/wp-content\/uploads\/2025\/09\/Ramona_01.jpeg 1920w, https:\/\/www.about-living.com\/wp-content\/uploads\/2025\/09\/Ramona_01-300x225.jpeg 300w, https:\/\/www.about-living.com\/wp-content\/uploads\/2025\/09\/Ramona_01-1024x768.jpeg 1024w, https:\/\/www.about-living.com\/wp-content\/uploads\/2025\/09\/Ramona_01-768x576.jpeg 768w, https:\/\/www.about-living.com\/wp-content\/uploads\/2025\/09\/Ramona_01-1536x1152.jpeg 1536w\" sizes=\"(max-width: 1920px) 100vw, 1920px\" \/>\t<\/div>\n<\/div>\n\t\t\t\t<\/div>\n\t\t\t\t<\/div>\n\t\t\t\t\t<\/div>\n\t\t<\/div>\n\t\t\t\t<div class=\"elementor-column elementor-col-50 elementor-top-column elementor-element elementor-element-83a52c2\" data-id=\"83a52c2\" data-element_type=\"column\" data-e-type=\"column\">\n\t\t\t<div class=\"elementor-widget-wrap elementor-element-populated\">\n\t\t\t\t\t\t<div class=\"elementor-element elementor-element-6a1e1bcd elementor-widget__width-initial elementor-widget elementor-widget-emaurri_core_section_title\" data-id=\"6a1e1bcd\" data-element_type=\"widget\" data-e-type=\"widget\" data-widget_type=\"emaurri_core_section_title.default\">\n\t\t\t\t<div class=\"elementor-widget-container\">\n\t\t\t\t\t<div class=\"qodef-shortcode qodef-m qodef-section-title qodef-alignment--left qodef-title-break--disabled\">\n\t\t<span class=\"qodef-m-tagline\" style=\"color: #FFFFFF\">MANAGING PARTNER<\/span>\n\t\t<h3 class=\"qodef-m-title\" style=\"color: #FFFFFF\">\n\t\t\t\t\tRamona Lynge Geigenberger\t\t\t<\/h3>\n\t\t<p class=\"qodef-m-text\" style=\"font-size: 18px;color: #FFFFFF\">En ABOUT LIVING somos amantes del dise\u00f1o. Reconocemos y apreciamos el dise\u00f1o \u00fanico y exclusivo. ABOUT LIVING representa famosas firmas internacionales y en nuestros proyectos podemos ofrecer cualquier marca a nuestros clientes. Nuestros DISE\u00d1ADORES DE INTERIORES profesionales est\u00e1n siempre preparados para ofrecerle inspiraci\u00f3n y consejos. Nuestra mayor satisfacci\u00f3n es contribuir a su propia decoraci\u00f3n de interiores. Esperamos darle la bienvenida en nuestro showroom y tienda.     <\/p>\n<\/div>\n\t\t\t\t<\/div>\n\t\t\t\t<\/div>\n\t\t\t\t<div class=\"elementor-element elementor-element-38549a4d elementor-widget elementor-widget-spacer\" data-id=\"38549a4d\" data-element_type=\"widget\" data-e-type=\"widget\" data-widget_type=\"spacer.default\">\n\t\t\t\t\t\t\t<div class=\"elementor-spacer\">\n\t\t\t<div class=\"elementor-spacer-inner\"><\/div>\n\t\t<\/div>\n\t\t\t\t\t\t<\/div>\n\t\t\t\t<div class=\"elementor-element elementor-element-7dc0b7ff elementor-widget elementor-widget-emaurri_core_button\" data-id=\"7dc0b7ff\" data-element_type=\"widget\" data-e-type=\"widget\" data-widget_type=\"emaurri_core_button.default\">\n\t\t\t\t<div class=\"elementor-widget-container\">\n\t\t\t\t\t<a class=\"qodef-shortcode qodef-m qodef-button qodef-layout--outlined qodef-size--small qodef-underline--default qodef-html--link\" href=\"\/es\/referencias-de-diseno-de-interiores\/\" target=\"_self\"  style=\"color: #FFFFFF;border-color: #FFFFFF7A\">\n\t<span class=\"qodef-m-text\">Referencias<\/span>\n\t<span class=\"qodef-m-corner qodef--top-left\" ><\/span>\n\t<span class=\"qodef-m-corner qodef--top-right\" ><\/span>\n\t<span class=\"qodef-m-corner qodef--bottom-left\" ><\/span>\n\t<span class=\"qodef-m-corner qodef--bottom-right\" ><\/span>\n\t<span class=\"qodef-m-btn-line qodef-btn-line--top\" ><\/span>\n\t<span class=\"qodef-m-btn-line qodef-btn-line--right\" ><\/span>\n\t<span class=\"qodef-m-btn-line qodef-btn-line--bottom\" ><\/span>\n\t<span class=\"qodef-m-btn-line qodef-btn-line--left\" ><\/span>\n<\/a>\n\t\t\t\t<\/div>\n\t\t\t\t<\/div>\n\t\t\t\t\t<\/div>\n\t\t<\/div>\n\t\t\t\t\t<\/div>\n\t\t<\/section>\n\t\t<div class=\"elementor-element elementor-element-382be44a e-flex e-con-boxed qodef-elementor-content-no e-con e-parent\" data-id=\"382be44a\" data-element_type=\"container\" data-e-type=\"container\">\n\t\t\t\t\t<div class=\"e-con-inner\">\n\t\t\t\t<div class=\"elementor-element elementor-element-65763ba3 elementor-widget elementor-widget-spacer\" data-id=\"65763ba3\" data-element_type=\"widget\" data-e-type=\"widget\" data-widget_type=\"spacer.default\">\n\t\t\t\t\t\t\t<div class=\"elementor-spacer\">\n\t\t\t<div class=\"elementor-spacer-inner\"><\/div>\n\t\t<\/div>\n\t\t\t\t\t\t<\/div>\n\t\t\t\t<div class=\"elementor-element elementor-element-682973d elementor-widget elementor-widget-slider_revolution\" data-id=\"682973d\" data-element_type=\"widget\" data-e-type=\"widget\" data-widget_type=\"slider_revolution.default\">\n\t\t\t\t\t\n\t\t<div class=\"wp-block-themepunch-revslider\">\n\t\t\t\t<p class=\"rs-p-wp-fix\"><\/p>\n\t\t\t\t<sr7-module data-alias=\"en-interior-design-home-11\" data-id=\"13\" id=\"SR7_13_1\" class=\"rs-ov-hidden\" data-version=\"6.7.33\">\n\t\t\t\t\t<sr7-adjuster><\/sr7-adjuster>\n\t\t\t\t\t<sr7-content>\n\t\t\t\t\t\t<sr7-slide id=\"SR7_13_1-62\" data-key=\"62\">\n\t\t\t\t\t\t\t<sr7-bg id=\"SR7_13_1-62-5\" class=\"sr7-layer\"><noscript><img decoding=\"async\" src=\"https:\/\/www.about-living.com\/wp-content\/uploads\/2025\/10\/About_Living_Villa_Serral__by_Theory4_02.jpg\" alt=\"Luxury terrace\" title=\"Theory4 : Verses in Imagery\"><\/noscript><\/sr7-bg>\n\t\t\t\t\t\t\t<sr7-txt id=\"SR7_13_1-62-0\" class=\"sr7-layer\">Serral<\/sr7-txt>\n\t\t\t\t\t\t\t<sr7-txt id=\"SR7_13_1-62-1\" class=\"sr7-layer\">PROJECT MANAGEMENT & DISE\u00d1O DE INTERIORES<\/sr7-txt>\n\t\t\t\t\t\t\t<a id=\"SR7_13_1-62-3\" class=\"sr7-layer\" href=\"https:\/\/www.about-living.com\/es\/portfolio-item\/serral-2\/\" target=\"_self\" rel=\"nofollow\">VER IM\u00c1GENES<\/a>\n\t\t\t\t\t\t<\/sr7-slide>\n\t\t\t\t\t\t<sr7-slide id=\"SR7_13_1-61\" data-key=\"61\">\n\t\t\t\t\t\t\t<sr7-bg id=\"SR7_13_1-61-5\" class=\"sr7-layer\"><noscript><img decoding=\"async\" src=\"https:\/\/www.about-living.com\/wp-content\/uploads\/2025\/09\/16_Terrace_04.jpeg\" alt=\"Luxury terrace\" title=\"Pool terrace with sea views\"><\/noscript><\/sr7-bg>\n\t\t\t\t\t\t\t<sr7-txt id=\"SR7_13_1-61-0\" class=\"sr7-layer\">CanDela<\/sr7-txt>\n\t\t\t\t\t\t\t<sr7-txt id=\"SR7_13_1-61-1\" class=\"sr7-layer\">PROJECT MANAGEMENT & DISE\u00d1O DE INTERIORES<\/sr7-txt>\n\t\t\t\t\t\t\t<a id=\"SR7_13_1-61-3\" class=\"sr7-layer\" href=\"https:\/\/www.about-living.com\/es\/portfolio-item\/candela-2\/\" target=\"_self\" rel=\"nofollow\">VER IM\u00c1GENES<\/a>\n\t\t\t\t\t\t<\/sr7-slide>\n\t\t\t\t\t\t<sr7-slide id=\"SR7_13_1-64\" data-key=\"64\">\n\t\t\t\t\t\t\t<sr7-bg id=\"SR7_13_1-64-5\" class=\"sr7-layer\"><noscript><img decoding=\"async\" src=\"https:\/\/www.about-living.com\/wp-content\/uploads\/2025\/09\/About_Living_Aurora_04.jpeg\" alt=\"Luxury terrace\" title=\"About_Living_Aurora_04\"><\/noscript><\/sr7-bg>\n\t\t\t\t\t\t\t<sr7-txt id=\"SR7_13_1-64-0\" class=\"sr7-layer\">Aurora<\/sr7-txt>\n\t\t\t\t\t\t\t<sr7-txt id=\"SR7_13_1-64-1\" class=\"sr7-layer\">PROJECT MANAGEMENT & DISE\u00d1O DE INTERIORES<\/sr7-txt>\n\t\t\t\t\t\t\t<a id=\"SR7_13_1-64-3\" class=\"sr7-layer\" href=\"https:\/\/www.about-living.com\/es\/portfolio-item\/aurora-2\/\" target=\"_self\" rel=\"nofollow\">VER IM\u00c1GENES<\/a>\n\t\t\t\t\t\t<\/sr7-slide>\n\t\t\t\t\t\t<sr7-slide id=\"SR7_13_1-63\" data-key=\"63\">\n\t\t\t\t\t\t\t<sr7-bg id=\"SR7_13_1-63-5\" class=\"sr7-layer\"><noscript><img decoding=\"async\" src=\"https:\/\/www.about-living.com\/wp-content\/uploads\/2025\/10\/About_Living_Son_Olea_26.jpeg\" alt=\"Luxury terrace\" title=\"About_Living_Son_Olea_26\"><\/noscript><\/sr7-bg>\n\t\t\t\t\t\t\t<sr7-txt id=\"SR7_13_1-63-0\" class=\"sr7-layer\">Son Olea<\/sr7-txt>\n\t\t\t\t\t\t\t<sr7-txt id=\"SR7_13_1-63-1\" class=\"sr7-layer\">PROJECT MANAGEMENT & DISE\u00d1O DE INTERIORES<\/sr7-txt>\n\t\t\t\t\t\t\t<a id=\"SR7_13_1-63-3\" class=\"sr7-layer\" href=\"https:\/\/www.about-living.com\/es\/portfolio-item\/son-olea-2\/\" target=\"_self\" rel=\"nofollow\">VER IM\u00c1GENES<\/a>\n\t\t\t\t\t\t<\/sr7-slide>\n\t\t\t\t\t\t<sr7-slide id=\"SR7_13_1-65\" data-key=\"65\">\n\t\t\t\t\t\t\t<sr7-bg id=\"SR7_13_1-65-5\" class=\"sr7-layer\"><noscript><img decoding=\"async\" src=\"https:\/\/www.about-living.com\/wp-content\/uploads\/2025\/10\/About_Living_San_Carlos_10.jpg\" alt=\"Luxury terrace\" title=\"Theory4 : Verses in Imagery\"><\/noscript><\/sr7-bg>\n\t\t\t\t\t\t\t<sr7-txt id=\"SR7_13_1-65-0\" class=\"sr7-layer\">San Carlos<\/sr7-txt>\n\t\t\t\t\t\t\t<sr7-txt id=\"SR7_13_1-65-1\" class=\"sr7-layer\">PROJECT MANAGEMENT & DISE\u00d1O DE INTERIORES<\/sr7-txt>\n\t\t\t\t\t\t\t<a id=\"SR7_13_1-65-3\" class=\"sr7-layer\" href=\"https:\/\/www.about-living.com\/es\/portfolio-item\/san-carlos-2\/\" target=\"_self\" rel=\"nofollow\">VER IM\u00c1GENES<\/a>\n\t\t\t\t\t\t<\/sr7-slide>\n\t\t\t\t\t\t<sr7-slide id=\"SR7_13_1-66\" data-key=\"66\">\n\t\t\t\t\t\t<\/sr7-slide>\n\t\t\t\t\t<\/sr7-content>\n\t\t\t\t\t<image_lists style=\"display:none\">\n\t\t\t\t\t\t<img data-src=\"\/\/www.about-living.com\/wp-content\/uploads\/2025\/09\/16_Terrace_04.jpeg\" data-libid=\"8257\" data-lib=\"medialibrary\" width=\"0\" height=\"0\" data-dbsrc=\"Ly93d3cuYWJvdXQtbGl2aW5nLmNvbS93cC1jb250ZW50L3VwbG9hZHMvMjAyNS8wOS8xNl9UZXJyYWNlXzA0LmpwZWc=\"\/>\n\t\t\t\t\t\t<img data-src=\"\/\/www.about-living.com\/wp-content\/uploads\/2025\/10\/About_Living_Villa_Serral__by_Theory4_02.jpg\" data-libid=\"8596\" data-lib=\"medialibrary\" width=\"0\" height=\"0\" data-dbsrc=\"Ly93d3cuYWJvdXQtbGl2aW5nLmNvbS93cC1jb250ZW50L3VwbG9hZHMvMjAyNS8xMC9BYm91dF9MaXZpbmdfVmlsbGFfU2VycmFsX19ieV9UaGVvcnk0XzAyLmpwZw==\"\/>\n\t\t\t\t\t\t<img loading=\"lazy\" data-src=\"\/\/www.about-living.com\/wp-content\/uploads\/2025\/10\/About_Living_Son_Olea_26.jpeg\" data-libid=\"8633\" data-lib=\"medialibrary\" width=\"0\" height=\"0\" data-dbsrc=\"Ly93d3cuYWJvdXQtbGl2aW5nLmNvbS93cC1jb250ZW50L3VwbG9hZHMvMjAyNS8xMC9BYm91dF9MaXZpbmdfU29uX09sZWFfMjYuanBlZw==\"\/>\n\t\t\t\t\t\t<img loading=\"lazy\" data-src=\"\/\/www.about-living.com\/wp-content\/uploads\/2025\/09\/About_Living_Aurora_04.jpeg\" data-libid=\"8376\" data-lib=\"medialibrary\" width=\"0\" height=\"0\" data-dbsrc=\"Ly93d3cuYWJvdXQtbGl2aW5nLmNvbS93cC1jb250ZW50L3VwbG9hZHMvMjAyNS8wOS9BYm91dF9MaXZpbmdfQXVyb3JhXzA0LmpwZWc=\"\/>\n\t\t\t\t\t\t<img loading=\"lazy\" data-src=\"\/\/www.about-living.com\/wp-content\/uploads\/2025\/10\/About_Living_San_Carlos_10.jpg\" data-libid=\"8659\" data-lib=\"medialibrary\" width=\"0\" height=\"0\" data-dbsrc=\"Ly93d3cuYWJvdXQtbGl2aW5nLmNvbS93cC1jb250ZW50L3VwbG9hZHMvMjAyNS8xMC9BYm91dF9MaXZpbmdfU2FuX0Nhcmxvc18xMC5qcGc=\"\/>\n\t\t\t\t\t<\/image_lists>\n\t\t\t\t<\/sr7-module>\n\t\t\t\t<script>\n\t\t\t\t\tSR7.PMH ??={}; SR7.PMH[\"SR7_13_1\"] = {cn:100,state:false,fn: function() { if (_tpt!==undefined && _tpt.prepareModuleHeight !== undefined) {  _tpt.prepareModuleHeight({id:\"SR7_13_1\",el:[500,500,768,960,720],type:'standard',shdw:'0',gh:[500,500,427,324,200],gw:[1200,1200,1024,778,480],vpt:['-100px'],size:{fullWidth:false, fullHeight:false},mh:'0',onh:0,onw:0,bg:{color:'{\"orig\":\"transparent\",\"type\":\"solid\",\"string\":\"transparent\"}'}});   SR7.PMH[\"SR7_13_1\"].state=true;} else if(SR7.PMH[\"SR7_13_1\"].cn-->0)\tsetTimeout( SR7.PMH[\"SR7_13_1\"].fn,19);}};SR7.PMH[\"SR7_13_1\" ].fn();\n\t\t\t\t<\/script>\n<\/div>\n\n\t\t\t\t\t\t<\/div>\n\t\t\t\t<div class=\"elementor-element elementor-element-5bffd4f4 elementor-widget elementor-widget-spacer\" data-id=\"5bffd4f4\" data-element_type=\"widget\" data-e-type=\"widget\" data-widget_type=\"spacer.default\">\n\t\t\t\t\t\t\t<div class=\"elementor-spacer\">\n\t\t\t<div class=\"elementor-spacer-inner\"><\/div>\n\t\t<\/div>\n\t\t\t\t\t\t<\/div>\n\t\t\t\t\t<\/div>\n\t\t\t\t<\/div>\n\t\t\t\t<\/div>\n\t\t","protected":false},"excerpt":{"rendered":"<p>MANAGING PARTNER Ramona Lynge Geigenberger En ABOUT LIVING somos amantes del dise\u00f1o. Reconocemos y apreciamos el dise\u00f1o \u00fanico y exclusivo. ABOUT LIVING representa famosas firmas internacionales y en nuestros proyectos podemos ofrecer cualquier marca a nuestros clientes. Nuestros DISE\u00d1ADORES DE INTERIORES profesionales est\u00e1n siempre preparados para ofrecerle inspiraci\u00f3n y consejos. Nuestra mayor satisfacci\u00f3n es contribuir [&hellip;]<\/p>\n","protected":false},"author":2,"featured_media":0,"parent":0,"menu_order":0,"comment_status":"closed","ping_status":"closed","template":"","meta":{"footnotes":""},"class_list":["post-9138","page","type-page","status-publish","hentry"],"_links":{"self":[{"href":"https:\/\/www.about-living.com\/es\/wp-json\/wp\/v2\/pages\/9138","targetHints":{"allow":["GET"]}}],"collection":[{"href":"https:\/\/www.about-living.com\/es\/wp-json\/wp\/v2\/pages"}],"about":[{"href":"https:\/\/www.about-living.com\/es\/wp-json\/wp\/v2\/types\/page"}],"author":[{"embeddable":true,"href":"https:\/\/www.about-living.com\/es\/wp-json\/wp\/v2\/users\/2"}],"replies":[{"embeddable":true,"href":"https:\/\/www.about-living.com\/es\/wp-json\/wp\/v2\/comments?post=9138"}],"version-history":[{"count":10,"href":"https:\/\/www.about-living.com\/es\/wp-json\/wp\/v2\/pages\/9138\/revisions"}],"predecessor-version":[{"id":13658,"href":"https:\/\/www.about-living.com\/es\/wp-json\/wp\/v2\/pages\/9138\/revisions\/13658"}],"wp:attachment":[{"href":"https:\/\/www.about-living.com\/es\/wp-json\/wp\/v2\/media?parent=9138"}],"curies":[{"name":"wp","href":"https:\/\/api.w.org\/{rel}","templated":true}]}}