{"id":8683,"date":"2025-09-24T16:25:27","date_gmt":"2025-09-24T14:25:27","guid":{"rendered":"https:\/\/www.about-living.com\/sobre-nosotros\/"},"modified":"2025-10-15T11:00:16","modified_gmt":"2025-10-15T09:00:16","slug":"sobre-nosotros","status":"publish","type":"page","link":"https:\/\/www.about-living.com\/es\/sobre-nosotros\/","title":{"rendered":"Sobre nosotros"},"content":{"rendered":"\t\t<div data-elementor-type=\"wp-page\" data-elementor-id=\"8683\" class=\"elementor elementor-8683 elementor-2630\">\n\t\t\t\t\t\t<section class=\"elementor-section elementor-top-section elementor-element elementor-element-7b3e0a5 elementor-section-full_width qodef-elementor-content-grid elementor-section-height-default elementor-section-height-default\" data-id=\"7b3e0a5\" data-element_type=\"section\" data-e-type=\"section\">\n\t\t\t\t\t\t<div class=\"elementor-container elementor-column-gap-default\">\n\t\t\t\t\t<div class=\"elementor-column elementor-col-50 elementor-top-column elementor-element elementor-element-4563847\" data-id=\"4563847\" data-element_type=\"column\" data-e-type=\"column\">\n\t\t\t<div class=\"elementor-widget-wrap elementor-element-populated\">\n\t\t\t\t\t\t<div class=\"elementor-element elementor-element-60503d6 elementor-widget elementor-widget-emaurri_core_single_image\" data-id=\"60503d6\" data-element_type=\"widget\" data-e-type=\"widget\" data-widget_type=\"emaurri_core_single_image.default\">\n\t\t\t\t<div class=\"elementor-widget-container\">\n\t\t\t\t\t<div class=\"qodef-shortcode qodef-m qodef-single-image qodef-layout--default\">\n\t<div class=\"qodef-m-image\">\n\t\t\t<img fetchpriority=\"high\" decoding=\"async\" width=\"1440\" height=\"1920\" src=\"https:\/\/www.about-living.com\/wp-content\/uploads\/2025\/09\/Ramona_Sebastian.jpeg\" class=\"attachment-full size-full\" alt=\"Ramona and Sebastian Geigenberger\" srcset=\"https:\/\/www.about-living.com\/wp-content\/uploads\/2025\/09\/Ramona_Sebastian.jpeg 1440w, https:\/\/www.about-living.com\/wp-content\/uploads\/2025\/09\/Ramona_Sebastian-225x300.jpeg 225w, https:\/\/www.about-living.com\/wp-content\/uploads\/2025\/09\/Ramona_Sebastian-768x1024.jpeg 768w, https:\/\/www.about-living.com\/wp-content\/uploads\/2025\/09\/Ramona_Sebastian-1152x1536.jpeg 1152w\" sizes=\"(max-width: 1440px) 100vw, 1440px\" \/>\t<\/div>\n<\/div>\n\t\t\t\t<\/div>\n\t\t\t\t<\/div>\n\t\t\t\t\t<\/div>\n\t\t<\/div>\n\t\t\t\t<div class=\"elementor-column elementor-col-50 elementor-top-column elementor-element elementor-element-9c83512\" data-id=\"9c83512\" data-element_type=\"column\" data-e-type=\"column\">\n\t\t\t<div class=\"elementor-widget-wrap elementor-element-populated\">\n\t\t\t\t\t\t<div class=\"elementor-element elementor-element-cec0ca9 elementor-widget elementor-widget-emaurri_core_section_title\" data-id=\"cec0ca9\" data-element_type=\"widget\" data-e-type=\"widget\" data-widget_type=\"emaurri_core_section_title.default\">\n\t\t\t\t<div class=\"elementor-widget-container\">\n\t\t\t\t\t<div class=\"qodef-shortcode qodef-m qodef-section-title qodef-alignment--left\">\n\t\t\t<h3 class=\"qodef-m-title\" style=\"color: #FFFFFF\">\n\t\t\t\t\tAbout Living\t\t\t<\/h3>\n\t\t<p class=\"qodef-m-text\" style=\"font-size: 18px;color: #FFFFFF\">About Living fue fundada en 2009 por Ramona y Sebastian Geigenberger, ambos llevan viviendo en Mallorca m\u00e1s de 30 a\u00f1os. Su pasi\u00f3n es construir y crear hogares hermosos para sus clientes y con la ayuda del equipo que integra About Living todo es posible! Nos especializamos en la construcci\u00f3n y dise\u00f1o de interiores y especialmente para los clientes que viven en el extranjero, ofrecemos un cuidado \u00fanico y un servicio para abordar proyectos completos, ocup\u00e1ndonos de todas las necesidades. El equipo de ABOUT LIVING se combina internamente con nativos alemanes, escandinavos y espa\u00f1oles.   <\/p>\n<\/div>\n\t\t\t\t<\/div>\n\t\t\t\t<\/div>\n\t\t\t\t<div class=\"elementor-element elementor-element-8a68ebb elementor-widget elementor-widget-spacer\" data-id=\"8a68ebb\" data-element_type=\"widget\" data-e-type=\"widget\" data-widget_type=\"spacer.default\">\n\t\t\t\t\t\t\t<div class=\"elementor-spacer\">\n\t\t\t<div class=\"elementor-spacer-inner\"><\/div>\n\t\t<\/div>\n\t\t\t\t\t\t<\/div>\n\t\t\t\t<div class=\"elementor-element elementor-element-f1ca947 elementor-widget elementor-widget-emaurri_core_section_title\" data-id=\"f1ca947\" data-element_type=\"widget\" data-e-type=\"widget\" data-widget_type=\"emaurri_core_section_title.default\">\n\t\t\t\t<div class=\"elementor-widget-container\">\n\t\t\t\t\t<div class=\"qodef-shortcode qodef-m qodef-section-title qodef-alignment--left\">\n\t\t\t\t<p class=\"qodef-m-text\" style=\"font-size: 30px;color: #FFFFFF\">Cont\u00e1ctenos:<\/p>\n<\/div>\n\t\t\t\t<\/div>\n\t\t\t\t<\/div>\n\t\t\t\t<div class=\"elementor-element elementor-element-cfb267a elementor-widget elementor-widget-qi_addons_for_elementor_contact_form_7\" data-id=\"cfb267a\" data-element_type=\"widget\" data-e-type=\"widget\" data-widget_type=\"qi_addons_for_elementor_contact_form_7.default\">\n\t\t\t\t<div class=\"elementor-widget-container\">\n\t\t\t\t\t<div class=\"qodef-shortcode qodef-m qodef-qi-contact-form-7\">\n\t\n<div class=\"wpcf7 no-js\" id=\"wpcf7-f9150-o1\" lang=\"es-ES\" dir=\"ltr\" data-wpcf7-id=\"9150\">\n<div class=\"screen-reader-response\"><p role=\"status\" aria-live=\"polite\" aria-atomic=\"true\"><\/p> <ul><\/ul><\/div>\n<form action=\"\/es\/wp-json\/wp\/v2\/pages\/8683#wpcf7-f9150-o1\" method=\"post\" class=\"wpcf7-form init\" aria-label=\"Formulario de contacto\" novalidate=\"novalidate\" data-status=\"init\">\n<fieldset class=\"hidden-fields-container\"><input type=\"hidden\" name=\"_wpcf7\" value=\"9150\" \/><input type=\"hidden\" name=\"_wpcf7_version\" value=\"6.1.5\" \/><input type=\"hidden\" name=\"_wpcf7_locale\" value=\"es_ES\" \/><input type=\"hidden\" name=\"_wpcf7_unit_tag\" value=\"wpcf7-f9150-o1\" \/><input type=\"hidden\" name=\"_wpcf7_container_post\" value=\"0\" \/><input type=\"hidden\" name=\"_wpcf7_posted_data_hash\" value=\"\" \/><input type=\"hidden\" name=\"_wpcf7_recaptcha_response\" value=\"\" \/>\n<\/fieldset>\n<label> Nombre\n    <span class=\"wpcf7-form-control-wrap\" data-name=\"your-name\"><input size=\"40\" maxlength=\"400\" class=\"wpcf7-form-control wpcf7-text wpcf7-validates-as-required\" autocomplete=\"name\" aria-required=\"true\" aria-invalid=\"false\" value=\"\" type=\"text\" name=\"your-name\" \/><\/span> <\/label>\n\n<label> Correo electr\u00f3nico\n    <span class=\"wpcf7-form-control-wrap\" data-name=\"your-email\"><input size=\"40\" maxlength=\"400\" class=\"wpcf7-form-control wpcf7-email wpcf7-validates-as-required wpcf7-text wpcf7-validates-as-email\" autocomplete=\"email\" aria-required=\"true\" aria-invalid=\"false\" value=\"\" type=\"email\" name=\"your-email\" \/><\/span> <\/label>\n\n<label> Asunto\n    <span class=\"wpcf7-form-control-wrap\" data-name=\"your-subject\"><input size=\"40\" maxlength=\"400\" class=\"wpcf7-form-control wpcf7-text wpcf7-validates-as-required\" aria-required=\"true\" aria-invalid=\"false\" value=\"\" type=\"text\" name=\"your-subject\" \/><\/span> <\/label>\n\n<label> Su mensaje (opcional)\n    <span class=\"wpcf7-form-control-wrap\" data-name=\"your-message\"><textarea cols=\"40\" rows=\"10\" maxlength=\"2000\" class=\"wpcf7-form-control wpcf7-textarea\" aria-invalid=\"false\" name=\"your-message\"><\/textarea><\/span> <\/label>\n\n<button class=\"wpcf7-form-control wpcf7-submit qodef-button qodef-size--normal qodef-layout--outlined qodef-m\" type=\"submit\"><span class=\"qodef-m-text\">Enviar<\/span>\n            <span class=\"qodef-m-corner qodef--top-left\"><\/span>\n            <span class=\"qodef-m-corner qodef--top-right\"><\/span>\n            <span class=\"qodef-m-corner qodef--bottom-left\"><\/span>\n            <span class=\"qodef-m-corner qodef--bottom-right\"><\/span>\n\t\t\t<span class=\"qodef-m-btn-line qodef-btn-line--top\"><\/span>\n\t\t\t<span class=\"qodef-m-btn-line qodef-btn-line--right\"><\/span>\n\t\t\t<span class=\"qodef-m-btn-line qodef-btn-line--bottom\"><\/span>\n\t\t\t<span class=\"qodef-m-btn-line qodef-btn-line--left\"><\/span><\/button><div class=\"wpcf7-response-output\" aria-hidden=\"true\"><\/div>\n<\/form>\n<\/div>\n<\/div>\n\t\t\t\t<\/div>\n\t\t\t\t<\/div>\n\t\t\t\t\t<\/div>\n\t\t<\/div>\n\t\t\t\t\t<\/div>\n\t\t<\/section>\n\t\t<div class=\"elementor-element elementor-element-4953c60 e-flex e-con-boxed qodef-elementor-content-no e-con e-parent\" data-id=\"4953c60\" data-element_type=\"container\" data-e-type=\"container\">\n\t\t\t\t\t<div class=\"e-con-inner\">\n\t\t\t\t<div class=\"elementor-element elementor-element-14eab79 elementor-widget elementor-widget-spacer\" data-id=\"14eab79\" data-element_type=\"widget\" data-e-type=\"widget\" data-widget_type=\"spacer.default\">\n\t\t\t\t\t\t\t<div class=\"elementor-spacer\">\n\t\t\t<div class=\"elementor-spacer-inner\"><\/div>\n\t\t<\/div>\n\t\t\t\t\t\t<\/div>\n\t\t\t\t<div class=\"elementor-element elementor-element-22c86c3 elementor-widget elementor-widget-slider_revolution\" data-id=\"22c86c3\" data-element_type=\"widget\" data-e-type=\"widget\" data-widget_type=\"slider_revolution.default\">\n\t\t\t\t\t\n\t\t<div class=\"wp-block-themepunch-revslider\">\n\t\t\t\t<p class=\"rs-p-wp-fix\"><\/p>\n\t\t\t\t<sr7-module data-alias=\"en-interior-design-home\" data-id=\"7\" id=\"SR7_7_1\" class=\"rs-ov-hidden\" data-version=\"6.7.33\">\n\t\t\t\t\t<sr7-adjuster><\/sr7-adjuster>\n\t\t\t\t\t<sr7-content>\n\t\t\t\t\t\t<sr7-slide id=\"SR7_7_1-31\" data-key=\"31\">\n\t\t\t\t\t\t\t<sr7-bg id=\"SR7_7_1-31-5\" class=\"sr7-layer\"><noscript><img decoding=\"async\" src=\"https:\/\/www.about-living.com\/wp-content\/uploads\/2025\/10\/About_Living_Villa_Serral__by_Theory4_02.jpg\" alt=\"Luxury terrace\" title=\"Theory4 : Verses in Imagery\"><\/noscript><\/sr7-bg>\n\t\t\t\t\t\t\t<sr7-txt id=\"SR7_7_1-31-0\" class=\"sr7-layer\">Serral<\/sr7-txt>\n\t\t\t\t\t\t\t<sr7-txt id=\"SR7_7_1-31-1\" class=\"sr7-layer\">PROJECT MANAGEMENT & INTERIOR DESIGN<\/sr7-txt>\n\t\t\t\t\t\t\t<a id=\"SR7_7_1-31-3\" class=\"sr7-layer\" href=\"https:\/\/www.about-living.com\/portfolio-item\/serral-id\/\" target=\"_self\" rel=\"nofollow\">VIEW MORE<\/a>\n\t\t\t\t\t\t<\/sr7-slide>\n\t\t\t\t\t\t<sr7-slide id=\"SR7_7_1-30\" data-key=\"30\">\n\t\t\t\t\t\t\t<sr7-bg id=\"SR7_7_1-30-5\" class=\"sr7-layer\"><noscript><img decoding=\"async\" src=\"https:\/\/www.about-living.com\/wp-content\/uploads\/2025\/09\/16_Terrace_04.jpeg\" alt=\"Luxury terrace\" title=\"Pool terrace with sea views\"><\/noscript><\/sr7-bg>\n\t\t\t\t\t\t\t<sr7-txt id=\"SR7_7_1-30-0\" class=\"sr7-layer\">CanDela<\/sr7-txt>\n\t\t\t\t\t\t\t<sr7-txt id=\"SR7_7_1-30-1\" class=\"sr7-layer\">PROJECT MANAGEMENT & INTERIOR DESIGN<\/sr7-txt>\n\t\t\t\t\t\t\t<a id=\"SR7_7_1-30-3\" class=\"sr7-layer\" href=\"https:\/\/www.about-living.com\/portfolio-item\/can-dela\/\" target=\"_self\" rel=\"nofollow\">VIEW MORE<\/a>\n\t\t\t\t\t\t<\/sr7-slide>\n\t\t\t\t\t\t<sr7-slide id=\"SR7_7_1-33\" data-key=\"33\">\n\t\t\t\t\t\t\t<sr7-bg id=\"SR7_7_1-33-5\" class=\"sr7-layer\"><noscript><img decoding=\"async\" src=\"https:\/\/www.about-living.com\/wp-content\/uploads\/2025\/09\/About_Living_Aurora_04.jpeg\" alt=\"Luxury terrace\" title=\"About_Living_Aurora_04\"><\/noscript><\/sr7-bg>\n\t\t\t\t\t\t\t<sr7-txt id=\"SR7_7_1-33-0\" class=\"sr7-layer\">Aurora<\/sr7-txt>\n\t\t\t\t\t\t\t<sr7-txt id=\"SR7_7_1-33-1\" class=\"sr7-layer\">PROJECT MANAGEMENT & INTERIOR DESIGN<\/sr7-txt>\n\t\t\t\t\t\t\t<a id=\"SR7_7_1-33-3\" class=\"sr7-layer\" href=\"https:\/\/www.about-living.com\/portfolio-item\/aurora\/\" target=\"_self\" rel=\"nofollow\">VIEW MORE<\/a>\n\t\t\t\t\t\t<\/sr7-slide>\n\t\t\t\t\t\t<sr7-slide id=\"SR7_7_1-32\" data-key=\"32\">\n\t\t\t\t\t\t\t<sr7-bg id=\"SR7_7_1-32-5\" class=\"sr7-layer\"><noscript><img decoding=\"async\" src=\"https:\/\/www.about-living.com\/wp-content\/uploads\/2025\/10\/About_Living_Son_Olea_26.jpeg\" alt=\"Luxury terrace\" title=\"About_Living_Son_Olea_26\"><\/noscript><\/sr7-bg>\n\t\t\t\t\t\t\t<sr7-txt id=\"SR7_7_1-32-0\" class=\"sr7-layer\">Son Olea<\/sr7-txt>\n\t\t\t\t\t\t\t<sr7-txt id=\"SR7_7_1-32-1\" class=\"sr7-layer\">PROJECT MANAGEMENT & INTERIOR DESIGN<\/sr7-txt>\n\t\t\t\t\t\t\t<a id=\"SR7_7_1-32-3\" class=\"sr7-layer\" href=\"https:\/\/www.about-living.com\/portfolio-item\/son-olea-id\/\" target=\"_self\" rel=\"nofollow\">VIEW MORE<\/a>\n\t\t\t\t\t\t<\/sr7-slide>\n\t\t\t\t\t\t<sr7-slide id=\"SR7_7_1-34\" data-key=\"34\">\n\t\t\t\t\t\t\t<sr7-bg id=\"SR7_7_1-34-5\" class=\"sr7-layer\"><noscript><img decoding=\"async\" src=\"https:\/\/www.about-living.com\/wp-content\/uploads\/2025\/10\/About_Living_San_Carlos_10.jpg\" alt=\"Luxury terrace\" title=\"Theory4 : Verses in Imagery\"><\/noscript><\/sr7-bg>\n\t\t\t\t\t\t\t<sr7-txt id=\"SR7_7_1-34-0\" class=\"sr7-layer\">San Carlos<\/sr7-txt>\n\t\t\t\t\t\t\t<sr7-txt id=\"SR7_7_1-34-1\" class=\"sr7-layer\">PROJECT MANAGEMENT & INTERIOR DESIGN<\/sr7-txt>\n\t\t\t\t\t\t\t<a id=\"SR7_7_1-34-3\" class=\"sr7-layer\" href=\"https:\/\/www.about-living.com\/portfolio-item\/san-carlos-id\/\" target=\"_self\" rel=\"nofollow\">VIEW MORE<\/a>\n\t\t\t\t\t\t<\/sr7-slide>\n\t\t\t\t\t\t<sr7-slide id=\"SR7_7_1-35\" data-key=\"35\">\n\t\t\t\t\t\t<\/sr7-slide>\n\t\t\t\t\t<\/sr7-content>\n\t\t\t\t\t<image_lists style=\"display:none\">\n\t\t\t\t\t\t<img data-src=\"\/\/www.about-living.com\/wp-content\/uploads\/2025\/09\/16_Terrace_04.jpeg\" data-libid=\"8257\" data-lib=\"medialibrary\" width=\"0\" height=\"0\" data-dbsrc=\"Ly93d3cuYWJvdXQtbGl2aW5nLmNvbS93cC1jb250ZW50L3VwbG9hZHMvMjAyNS8wOS8xNl9UZXJyYWNlXzA0LmpwZWc=\"\/>\n\t\t\t\t\t\t<img data-src=\"\/\/www.about-living.com\/wp-content\/uploads\/2025\/10\/About_Living_Villa_Serral__by_Theory4_02.jpg\" data-libid=\"8596\" data-lib=\"medialibrary\" width=\"0\" height=\"0\" data-dbsrc=\"Ly93d3cuYWJvdXQtbGl2aW5nLmNvbS93cC1jb250ZW50L3VwbG9hZHMvMjAyNS8xMC9BYm91dF9MaXZpbmdfVmlsbGFfU2VycmFsX19ieV9UaGVvcnk0XzAyLmpwZw==\"\/>\n\t\t\t\t\t\t<img loading=\"lazy\" data-src=\"\/\/www.about-living.com\/wp-content\/uploads\/2025\/10\/About_Living_Son_Olea_26.jpeg\" data-libid=\"8633\" data-lib=\"medialibrary\" width=\"0\" height=\"0\" data-dbsrc=\"Ly93d3cuYWJvdXQtbGl2aW5nLmNvbS93cC1jb250ZW50L3VwbG9hZHMvMjAyNS8xMC9BYm91dF9MaXZpbmdfU29uX09sZWFfMjYuanBlZw==\"\/>\n\t\t\t\t\t\t<img loading=\"lazy\" data-src=\"\/\/www.about-living.com\/wp-content\/uploads\/2025\/09\/About_Living_Aurora_04.jpeg\" data-libid=\"8376\" data-lib=\"medialibrary\" width=\"0\" height=\"0\" data-dbsrc=\"Ly93d3cuYWJvdXQtbGl2aW5nLmNvbS93cC1jb250ZW50L3VwbG9hZHMvMjAyNS8wOS9BYm91dF9MaXZpbmdfQXVyb3JhXzA0LmpwZWc=\"\/>\n\t\t\t\t\t\t<img loading=\"lazy\" data-src=\"\/\/www.about-living.com\/wp-content\/uploads\/2025\/10\/About_Living_San_Carlos_10.jpg\" data-libid=\"8659\" data-lib=\"medialibrary\" width=\"0\" height=\"0\" data-dbsrc=\"Ly93d3cuYWJvdXQtbGl2aW5nLmNvbS93cC1jb250ZW50L3VwbG9hZHMvMjAyNS8xMC9BYm91dF9MaXZpbmdfU2FuX0Nhcmxvc18xMC5qcGc=\"\/>\n\t\t\t\t\t<\/image_lists>\n\t\t\t\t<\/sr7-module>\n\t\t\t\t<script>\n\t\t\t\t\tSR7.PMH ??={}; SR7.PMH[\"SR7_7_1\"] = {cn:100,state:false,fn: function() { if (_tpt!==undefined && _tpt.prepareModuleHeight !== undefined) {  _tpt.prepareModuleHeight({id:\"SR7_7_1\",el:[500,500,768,960,720],type:'standard',shdw:'0',gh:[500,500,427,324,200],gw:[1200,1200,1024,778,480],vpt:['-100px'],size:{fullWidth:false, fullHeight:false},mh:'0',onh:0,onw:0,bg:{color:'{\"orig\":\"transparent\",\"type\":\"solid\",\"string\":\"transparent\"}'}});   SR7.PMH[\"SR7_7_1\"].state=true;} else if(SR7.PMH[\"SR7_7_1\"].cn-->0)\tsetTimeout( SR7.PMH[\"SR7_7_1\"].fn,19);}};SR7.PMH[\"SR7_7_1\" ].fn();\n\t\t\t\t<\/script>\n<\/div>\n\n\t\t\t\t\t\t<\/div>\n\t\t\t\t<div class=\"elementor-element elementor-element-4bda903 elementor-widget elementor-widget-spacer\" data-id=\"4bda903\" data-element_type=\"widget\" data-e-type=\"widget\" data-widget_type=\"spacer.default\">\n\t\t\t\t\t\t\t<div class=\"elementor-spacer\">\n\t\t\t<div class=\"elementor-spacer-inner\"><\/div>\n\t\t<\/div>\n\t\t\t\t\t\t<\/div>\n\t\t\t\t\t<\/div>\n\t\t\t\t<\/div>\n\t\t\t\t<\/div>\n\t\t","protected":false},"excerpt":{"rendered":"<p>About Living About Living fue fundada en 2009 por Ramona y Sebastian Geigenberger, ambos llevan viviendo en Mallorca m\u00e1s de 30 a\u00f1os. Su pasi\u00f3n es construir y crear hogares hermosos para sus clientes y con la ayuda del equipo que integra About Living todo es posible! Nos especializamos en la construcci\u00f3n y dise\u00f1o de interiores [&hellip;]<\/p>\n","protected":false},"author":2,"featured_media":0,"parent":0,"menu_order":0,"comment_status":"closed","ping_status":"closed","template":"page-full-width.php","meta":{"footnotes":""},"class_list":["post-8683","page","type-page","status-publish","hentry"],"_links":{"self":[{"href":"https:\/\/www.about-living.com\/es\/wp-json\/wp\/v2\/pages\/8683","targetHints":{"allow":["GET"]}}],"collection":[{"href":"https:\/\/www.about-living.com\/es\/wp-json\/wp\/v2\/pages"}],"about":[{"href":"https:\/\/www.about-living.com\/es\/wp-json\/wp\/v2\/types\/page"}],"author":[{"embeddable":true,"href":"https:\/\/www.about-living.com\/es\/wp-json\/wp\/v2\/users\/2"}],"replies":[{"embeddable":true,"href":"https:\/\/www.about-living.com\/es\/wp-json\/wp\/v2\/comments?post=8683"}],"version-history":[{"count":9,"href":"https:\/\/www.about-living.com\/es\/wp-json\/wp\/v2\/pages\/8683\/revisions"}],"predecessor-version":[{"id":9153,"href":"https:\/\/www.about-living.com\/es\/wp-json\/wp\/v2\/pages\/8683\/revisions\/9153"}],"wp:attachment":[{"href":"https:\/\/www.about-living.com\/es\/wp-json\/wp\/v2\/media?parent=8683"}],"curies":[{"name":"wp","href":"https:\/\/api.w.org\/{rel}","templated":true}]}}