{"id":8780,"date":"2025-09-29T14:00:00","date_gmt":"2025-09-29T12:00:00","guid":{"rendered":"https:\/\/www.about-living.com\/kontakt\/"},"modified":"2025-10-07T11:24:16","modified_gmt":"2025-10-07T09:24:16","slug":"kontakt","status":"publish","type":"page","link":"https:\/\/www.about-living.com\/da\/kontakt\/","title":{"rendered":"Kontakt"},"content":{"rendered":"\t\t<div data-elementor-type=\"wp-page\" data-elementor-id=\"8780\" class=\"elementor elementor-8780 elementor-3051\">\n\t\t\t\t\t\t<section class=\"elementor-section elementor-top-section elementor-element elementor-element-1471af5 elementor-section-full_width elementor-section-height-default elementor-section-height-default qodef-elementor-content-no\" data-id=\"1471af5\" data-element_type=\"section\" data-e-type=\"section\">\n\t\t\t\t\t\t<div class=\"elementor-container elementor-column-gap-default\">\n\t\t\t\t\t<div class=\"elementor-column elementor-col-100 elementor-top-column elementor-element elementor-element-ce88ace\" data-id=\"ce88ace\" data-element_type=\"column\" data-e-type=\"column\">\n\t\t\t<div class=\"elementor-widget-wrap elementor-element-populated\">\n\t\t\t\t\t\t<div class=\"elementor-element elementor-element-ac6788e elementor-widget elementor-widget-emaurri_core_google_map\" data-id=\"ac6788e\" data-element_type=\"widget\" data-e-type=\"widget\" data-widget_type=\"emaurri_core_google_map.default\">\n\t\t\t\t<div class=\"elementor-widget-container\">\n\t\t\t\t\t<div class=\"qodef-shortcode qodef-m qodef-google-map\">\n\t<div class=\"qodef-m-map\" id=\"qodef-map-id--898\" data-addresses='[\"-\"]' data-pin=https:\/\/www.about-living.com\/wp-content\/uploads\/2021\/03\/pin.png data-unique-id=898 data-height=650><\/div>\n<\/div>\n\t\t\t\t<\/div>\n\t\t\t\t<\/div>\n\t\t<div class=\"elementor-element elementor-element-372f189 e-flex e-con-boxed qodef-elementor-content-no e-con e-parent\" data-id=\"372f189\" data-element_type=\"container\" data-e-type=\"container\">\n\t\t\t\t\t<div class=\"e-con-inner\">\n\t\t\t\t\t<\/div>\n\t\t\t\t<\/div>\n\t\t\t\t\t<\/div>\n\t\t<\/div>\n\t\t\t\t\t<\/div>\n\t\t<\/section>\n\t\t\t\t<section class=\"elementor-section elementor-top-section elementor-element elementor-element-02513fc qodef-elementor-content-grid elementor-section-boxed elementor-section-height-default elementor-section-height-default\" data-id=\"02513fc\" data-element_type=\"section\" data-e-type=\"section\">\n\t\t\t\t\t\t<div class=\"elementor-container elementor-column-gap-default\">\n\t\t\t\t\t<div class=\"elementor-column elementor-col-50 elementor-top-column elementor-element elementor-element-242d514\" data-id=\"242d514\" data-element_type=\"column\" data-e-type=\"column\">\n\t\t\t<div class=\"elementor-widget-wrap elementor-element-populated\">\n\t\t\t\t\t\t<div class=\"elementor-element elementor-element-fd7a5be elementor-widget elementor-widget-text-editor\" data-id=\"fd7a5be\" data-element_type=\"widget\" data-e-type=\"widget\" data-widget_type=\"text-editor.default\">\n\t\t\t\t\t\t\t\t\t<h3>Start et nyt projekt<\/h3>\t\t\t\t\t\t\t\t<\/div>\n\t\t\t\t<div class=\"elementor-element elementor-element-1d0135d elementor-widget__width-initial elementor-widget elementor-widget-text-editor\" data-id=\"1d0135d\" data-element_type=\"widget\" data-e-type=\"widget\" data-widget_type=\"text-editor.default\">\n\t\t\t\t\t\t\t\t\t<p>Vi vil meget gerne h\u00f8re fra dig! Uanset om du er klar til at forvandle dit rum eller blot udforske designid\u00e9er, st\u00e5r vores team klar til at hj\u00e6lpe. Udfyld formularen nedenfor, s\u00e5 kontakter vi dig for at dr\u00f8fte din vision og de n\u00e6ste skridt.  <\/p>\t\t\t\t\t\t\t\t<\/div>\n\t\t\t\t<section class=\"elementor-section elementor-inner-section elementor-element elementor-element-3ebd8a6 elementor-section-full_width elementor-section-height-default elementor-section-height-default qodef-elementor-content-no\" data-id=\"3ebd8a6\" data-element_type=\"section\" data-e-type=\"section\">\n\t\t\t\t\t\t<div class=\"elementor-container elementor-column-gap-default\">\n\t\t\t\t\t<div class=\"elementor-column elementor-col-100 elementor-inner-column elementor-element elementor-element-deabda8\" data-id=\"deabda8\" data-element_type=\"column\" data-e-type=\"column\">\n\t\t\t<div class=\"elementor-widget-wrap elementor-element-populated\">\n\t\t\t\t\t\t<div class=\"elementor-element elementor-element-4968666 elementor-widget__width-initial elementor-widget elementor-widget-text-editor\" data-id=\"4968666\" data-element_type=\"widget\" data-e-type=\"widget\" data-widget_type=\"text-editor.default\">\n\t\t\t\t\t\t\t\t\t<p><a style=\"font-family: Montserrat,sans-serif; font-size: 11px; line-height: 22px; font-weight: 500; letter-spacing: .25em; text-transform: uppercase;\" href=\"https:\/\/www.google.com\/maps\/place\/About+Living\/@39.5302692,2.5055433,17.57z\/data=!4m6!3m5!1s0x129789773738a829:0x9283f3554415707!8m2!3d39.530351!4d2.5044338!16s%2Fg%2F1pzr717bk?hl=en-GB&amp;entry=ttu&amp;g_ep=EgoyMDI1MDkyMS4wIKXMDSoASAFQAw%3D%3D\" target=\"_blank\" rel=\"noopener\">C\/Illes Balears 24<\/a><\/p><p><a style=\"font-family: Montserrat,sans-serif; font-size: 11px; line-height: 22px; font-weight: 500; letter-spacing: .25em; text-transform: uppercase;\" href=\"https:\/\/www.google.com\/maps\/place\/About+Living\/@39.5302692,2.5055433,17.57z\/data=!4m6!3m5!1s0x129789773738a829:0x9283f3554415707!8m2!3d39.530351!4d2.5044338!16s%2Fg%2F1pzr717bk?hl=en-GB&amp;entry=ttu&amp;g_ep=EgoyMDI1MDkyMS4wIKXMDSoASAFQAw%3D%3D\" target=\"_blank\" rel=\"noopener\">Poligono Son Bugadelles<\/a><\/p><p><a style=\"font-family: Montserrat,sans-serif; font-size: 11px; line-height: 22px; font-weight: 500; letter-spacing: .25em; text-transform: uppercase;\" href=\"https:\/\/www.google.com\/maps\/place\/About+Living\/@39.5302692,2.5055433,17.57z\/data=!4m6!3m5!1s0x129789773738a829:0x9283f3554415707!8m2!3d39.530351!4d2.5044338!16s%2Fg%2F1pzr717bk?hl=en-GB&amp;entry=ttu&amp;g_ep=EgoyMDI1MDkyMS4wIKXMDSoASAFQAw%3D%3D\" target=\"_blank\" rel=\"noopener\">07180 Santa Ponsa<\/a><\/p><p><a style=\"font-family: Montserrat,sans-serif; font-size: 11px; line-height: 22px; font-weight: 500; letter-spacing: .25em; text-transform: uppercase;\" href=\"https:\/\/www.google.com\/maps\/place\/About+Living\/@39.5302692,2.5055433,17.57z\/data=!4m6!3m5!1s0x129789773738a829:0x9283f3554415707!8m2!3d39.530351!4d2.5044338!16s%2Fg%2F1pzr717bk?hl=en-GB&amp;entry=ttu&amp;g_ep=EgoyMDI1MDkyMS4wIKXMDSoASAFQAw%3D%3D\" target=\"_blank\" rel=\"noopener\">Mallorca, Spain <\/a><\/p>\t\t\t\t\t\t\t\t<\/div>\n\t\t\t\t<div class=\"elementor-element elementor-element-e031ee7 elementor-widget-divider--view-line elementor-widget elementor-widget-divider\" data-id=\"e031ee7\" data-element_type=\"widget\" data-e-type=\"widget\" data-widget_type=\"divider.default\">\n\t\t\t\t\t\t\t<div class=\"elementor-divider\">\n\t\t\t<span class=\"elementor-divider-separator\">\n\t\t\t\t\t\t<\/span>\n\t\t<\/div>\n\t\t\t\t\t\t<\/div>\n\t\t\t\t<div class=\"elementor-element elementor-element-d633720 elementor-widget elementor-widget-text-editor\" data-id=\"d633720\" data-element_type=\"widget\" data-e-type=\"widget\" data-widget_type=\"text-editor.default\">\n\t\t\t\t\t\t\t\t\t<p><a style=\"font-family: Montserrat,sans-serif; font-size: 11px; line-height: 1.5em; font-weight: 500; letter-spacing: .25em; text-transform: uppercase;\" href=\"tel:0034971134200\">Tel +34 971 134 200<\/a><\/p>\t\t\t\t\t\t\t\t<\/div>\n\t\t\t\t<div class=\"elementor-element elementor-element-4369df3 elementor-widget__width-initial elementor-widget elementor-widget-text-editor\" data-id=\"4369df3\" data-element_type=\"widget\" data-e-type=\"widget\" data-widget_type=\"text-editor.default\">\n\t\t\t\t\t\t\t\t\t<p><a style=\"font-family: Montserrat,sans-serif; font-size: 11px; line-height: 22px; font-weight: 500; letter-spacing: .25em; text-transform: uppercase;\" href=\"mailto:info@about-living.com\">info@about-living.com<\/a><\/p>\t\t\t\t\t\t\t\t<\/div>\n\t\t\t\t\t<\/div>\n\t\t<\/div>\n\t\t\t\t\t<\/div>\n\t\t<\/section>\n\t\t\t\t\t<\/div>\n\t\t<\/div>\n\t\t\t\t<div class=\"elementor-column elementor-col-50 elementor-top-column elementor-element elementor-element-3b715ca\" data-id=\"3b715ca\" data-element_type=\"column\" data-e-type=\"column\">\n\t\t\t<div class=\"elementor-widget-wrap elementor-element-populated\">\n\t\t\t\t\t\t<div class=\"elementor-element elementor-element-122fbd5 elementor-widget elementor-widget-qi_addons_for_elementor_contact_form_7\" data-id=\"122fbd5\" data-element_type=\"widget\" data-e-type=\"widget\" data-widget_type=\"qi_addons_for_elementor_contact_form_7.default\">\n\t\t\t\t<div class=\"elementor-widget-container\">\n\t\t\t\t\t<div class=\"qodef-shortcode qodef-m qodef-qi-contact-form-7\">\n\t\n<div class=\"wpcf7 no-js\" id=\"wpcf7-f9154-o1\" lang=\"da-DK\" dir=\"ltr\" data-wpcf7-id=\"9154\">\n<div class=\"screen-reader-response\"><p role=\"status\" aria-live=\"polite\" aria-atomic=\"true\"><\/p> <ul><\/ul><\/div>\n<form action=\"\/da\/wp-json\/wp\/v2\/pages\/8780#wpcf7-f9154-o1\" method=\"post\" class=\"wpcf7-form init\" aria-label=\"Kontaktformular\" novalidate=\"novalidate\" data-status=\"init\">\n<fieldset class=\"hidden-fields-container\"><input type=\"hidden\" name=\"_wpcf7\" value=\"9154\" \/><input type=\"hidden\" name=\"_wpcf7_version\" value=\"6.1.5\" \/><input type=\"hidden\" name=\"_wpcf7_locale\" value=\"da_DK\" \/><input type=\"hidden\" name=\"_wpcf7_unit_tag\" value=\"wpcf7-f9154-o1\" \/><input type=\"hidden\" name=\"_wpcf7_container_post\" value=\"0\" \/><input type=\"hidden\" name=\"_wpcf7_posted_data_hash\" value=\"\" \/><input type=\"hidden\" name=\"_wpcf7_recaptcha_response\" value=\"\" \/>\n<\/fieldset>\n<label> Dit navn\n    <span class=\"wpcf7-form-control-wrap\" data-name=\"your-name\"><input size=\"40\" maxlength=\"400\" class=\"wpcf7-form-control wpcf7-text wpcf7-validates-as-required\" autocomplete=\"name\" aria-required=\"true\" aria-invalid=\"false\" value=\"\" type=\"text\" name=\"your-name\" \/><\/span> <\/label>\n\n<label> Din e-mail\n    <span class=\"wpcf7-form-control-wrap\" data-name=\"your-email\"><input size=\"40\" maxlength=\"400\" class=\"wpcf7-form-control wpcf7-email wpcf7-validates-as-required wpcf7-text wpcf7-validates-as-email\" autocomplete=\"email\" aria-required=\"true\" aria-invalid=\"false\" value=\"\" type=\"email\" name=\"your-email\" \/><\/span> <\/label>\n\n<label> Emne\n    <span class=\"wpcf7-form-control-wrap\" data-name=\"your-subject\"><input size=\"40\" maxlength=\"400\" class=\"wpcf7-form-control wpcf7-text wpcf7-validates-as-required\" aria-required=\"true\" aria-invalid=\"false\" value=\"\" type=\"text\" name=\"your-subject\" \/><\/span> <\/label>\n\n<label> Din besked (valgfrit)\n    <span class=\"wpcf7-form-control-wrap\" data-name=\"your-message\"><textarea cols=\"40\" rows=\"10\" maxlength=\"2000\" class=\"wpcf7-form-control wpcf7-textarea\" aria-invalid=\"false\" name=\"your-message\"><\/textarea><\/span> <\/label>\n\n<button class=\"wpcf7-form-control wpcf7-submit qodef-button qodef-size--normal qodef-layout--outlined qodef-m\" type=\"submit\"><span class=\"qodef-m-text\">Send<\/span>\n            <span class=\"qodef-m-corner qodef--top-left\"><\/span>\n            <span class=\"qodef-m-corner qodef--top-right\"><\/span>\n            <span class=\"qodef-m-corner qodef--bottom-left\"><\/span>\n            <span class=\"qodef-m-corner qodef--bottom-right\"><\/span>\n\t\t\t<span class=\"qodef-m-btn-line qodef-btn-line--top\"><\/span>\n\t\t\t<span class=\"qodef-m-btn-line qodef-btn-line--right\"><\/span>\n\t\t\t<span class=\"qodef-m-btn-line qodef-btn-line--bottom\"><\/span>\n\t\t\t<span class=\"qodef-m-btn-line qodef-btn-line--left\"><\/span><\/button><div class=\"wpcf7-response-output\" aria-hidden=\"true\"><\/div>\n<\/form>\n<\/div>\n<\/div>\n\t\t\t\t<\/div>\n\t\t\t\t<\/div>\n\t\t\t\t\t<\/div>\n\t\t<\/div>\n\t\t\t\t\t<\/div>\n\t\t<\/section>\n\t\t\t\t<\/div>\n\t\t","protected":false},"excerpt":{"rendered":"<p>Start et nyt projekt Vi vil meget gerne h\u00f8re fra dig! Uanset om du er klar til at forvandle dit rum eller blot udforske designid\u00e9er, st\u00e5r vores team klar til at hj\u00e6lpe. Udfyld formularen nedenfor, s\u00e5 kontakter vi dig for at dr\u00f8fte din vision og de n\u00e6ste skridt. C\/Illes Balears 24 Poligono Son Bugadelles 07180 [&hellip;]<\/p>\n","protected":false},"author":2,"featured_media":0,"parent":0,"menu_order":0,"comment_status":"closed","ping_status":"closed","template":"page-full-width.php","meta":{"footnotes":""},"class_list":["post-8780","page","type-page","status-publish","hentry"],"_links":{"self":[{"href":"https:\/\/www.about-living.com\/da\/wp-json\/wp\/v2\/pages\/8780","targetHints":{"allow":["GET"]}}],"collection":[{"href":"https:\/\/www.about-living.com\/da\/wp-json\/wp\/v2\/pages"}],"about":[{"href":"https:\/\/www.about-living.com\/da\/wp-json\/wp\/v2\/types\/page"}],"author":[{"embeddable":true,"href":"https:\/\/www.about-living.com\/da\/wp-json\/wp\/v2\/users\/2"}],"replies":[{"embeddable":true,"href":"https:\/\/www.about-living.com\/da\/wp-json\/wp\/v2\/comments?post=8780"}],"version-history":[{"count":1,"href":"https:\/\/www.about-living.com\/da\/wp-json\/wp\/v2\/pages\/8780\/revisions"}],"predecessor-version":[{"id":8781,"href":"https:\/\/www.about-living.com\/da\/wp-json\/wp\/v2\/pages\/8780\/revisions\/8781"}],"wp:attachment":[{"href":"https:\/\/www.about-living.com\/da\/wp-json\/wp\/v2\/media?parent=8780"}],"curies":[{"name":"wp","href":"https:\/\/api.w.org\/{rel}","templated":true}]}}