{"id":8769,"date":"2025-09-24T11:10:22","date_gmt":"2025-09-24T09:10:22","guid":{"rendered":"https:\/\/www.about-living.com\/forretning\/"},"modified":"2025-10-07T10:50:40","modified_gmt":"2025-10-07T08:50:40","slug":"forretning","status":"publish","type":"page","link":"https:\/\/www.about-living.com\/da\/forretning\/","title":{"rendered":"Forretning"},"content":{"rendered":"\t\t<div data-elementor-type=\"wp-page\" data-elementor-id=\"8769\" class=\"elementor elementor-8769 elementor-8169\">\n\t\t\t\t<div class=\"elementor-element elementor-element-638db10 e-flex e-con-boxed qodef-elementor-content-no e-con e-parent\" data-id=\"638db10\" data-element_type=\"container\" data-e-type=\"container\">\n\t\t\t\t\t<div class=\"e-con-inner\">\n\t\t\t\t<div class=\"elementor-element elementor-element-1de24c3 elementor-widget elementor-widget-spacer\" data-id=\"1de24c3\" data-element_type=\"widget\" data-e-type=\"widget\" data-widget_type=\"spacer.default\">\n\t\t\t\t\t\t\t<div class=\"elementor-spacer\">\n\t\t\t<div class=\"elementor-spacer-inner\"><\/div>\n\t\t<\/div>\n\t\t\t\t\t\t<\/div>\n\t\t\t\t\t<\/div>\n\t\t\t\t<\/div>\n\t\t<div class=\"elementor-element elementor-element-972531e e-flex e-con-boxed qodef-elementor-content-no e-con e-parent\" data-id=\"972531e\" data-element_type=\"container\" data-e-type=\"container\">\n\t\t\t\t\t<div class=\"e-con-inner\">\n\t\t<div class=\"elementor-element elementor-element-975a836 e-con-full e-flex qodef-elementor-content-no e-con e-child\" data-id=\"975a836\" data-element_type=\"container\" data-e-type=\"container\">\n\t\t\t\t<div class=\"elementor-element elementor-element-d839b9a elementor-widget elementor-widget-heading\" data-id=\"d839b9a\" data-element_type=\"widget\" data-e-type=\"widget\" data-widget_type=\"heading.default\">\n\t\t\t\t\t<h3 class=\"elementor-heading-title elementor-size-default\">Store &amp; Showroom<\/h3>\t\t\t\t<\/div>\n\t\t\t\t<div class=\"elementor-element elementor-element-eef9dbf elementor-widget elementor-widget-text-editor\" data-id=\"eef9dbf\" data-element_type=\"widget\" data-e-type=\"widget\" data-widget_type=\"text-editor.default\">\n\t\t\t\t\t\t\t\t\t<p>Vores forretning og kontorer er beliggende i Poligono Son Bugadelles, Santa Ponsa. I vores forretning finder du m\u00f8bler og boligtilbeh\u00f8r fra internationale kendte m\u00e6rker, belysning, tekstiler, tapetter samt mange andre detaljer til hjemmet. G\u00e5 p\u00e5 opdagelse i vores showroom og f\u00e5 en masse inspiration samt professionel vejledning.  <\/p>\t\t\t\t\t\t\t\t<\/div>\n\t\t\t\t<\/div>\n\t\t<div class=\"elementor-element elementor-element-6c372ee e-con-full e-flex qodef-elementor-content-no e-con e-child\" data-id=\"6c372ee\" data-element_type=\"container\" data-e-type=\"container\">\n\t\t\t\t<div class=\"elementor-element elementor-element-a7f464c elementor-widget elementor-widget-qi_addons_for_elementor_image_gallery_masonry\" data-id=\"a7f464c\" data-element_type=\"widget\" data-e-type=\"widget\" data-widget_type=\"qi_addons_for_elementor_image_gallery_masonry.default\">\n\t\t\t\t<div class=\"elementor-widget-container\">\n\t\t\t\t\t<div class=\"qodef-shortcode qodef-m qodef-qi-image-gallery-masonry qodef-qi-fslightbox-popup qodef-popup-gallery qodef-image--hover-zoom qodef-qi-grid qodef-layout--qi-masonry qodef-items--fixed qodef-col-num--2 qodef-responsive--predefined\">\n\t<div class=\"qodef-grid-inner\">\n\t\t\t<div class=\"qodef-qi-grid-masonry-sizer\"><\/div>\n<div class=\"qodef-e qodef-image-wrapper qodef-grid-item qodef-item--\">\n\t<div class=\"qodef-e-inner\">\n\t\t\t\t\t<a class=\"qodef-popup-item\" itemprop=\"image\" href=\"https:\/\/www.about-living.com\/wp-content\/uploads\/2025\/09\/About_Living_The_Store_01.jpeg\" data-type=\"image\" data-fslightbox=\"gallery-1\">\n\t\t\t\t\t<img fetchpriority=\"high\" decoding=\"async\" width=\"1920\" height=\"1279\" src=\"https:\/\/www.about-living.com\/wp-content\/uploads\/2025\/09\/About_Living_The_Store_01.jpeg\" class=\"attachment- size-\" alt=\"\" srcset=\"https:\/\/www.about-living.com\/wp-content\/uploads\/2025\/09\/About_Living_The_Store_01.jpeg 1920w, https:\/\/www.about-living.com\/wp-content\/uploads\/2025\/09\/About_Living_The_Store_01-300x200.jpeg 300w, https:\/\/www.about-living.com\/wp-content\/uploads\/2025\/09\/About_Living_The_Store_01-1024x682.jpeg 1024w, https:\/\/www.about-living.com\/wp-content\/uploads\/2025\/09\/About_Living_The_Store_01-768x512.jpeg 768w, https:\/\/www.about-living.com\/wp-content\/uploads\/2025\/09\/About_Living_The_Store_01-1536x1023.jpeg 1536w\" sizes=\"(max-width: 1920px) 100vw, 1920px\" \/>\t\t\t\t\t<\/a>\n\t\t\t<\/div>\n<\/div>\n<div class=\"qodef-e qodef-image-wrapper qodef-grid-item qodef-item--\">\n\t<div class=\"qodef-e-inner\">\n\t\t\t\t\t<a class=\"qodef-popup-item\" itemprop=\"image\" href=\"https:\/\/www.about-living.com\/wp-content\/uploads\/2025\/09\/About_Living_The_Store_02.jpeg\" data-type=\"image\" data-fslightbox=\"gallery-1\">\n\t\t\t\t\t<img decoding=\"async\" width=\"1280\" height=\"1600\" src=\"https:\/\/www.about-living.com\/wp-content\/uploads\/2025\/09\/About_Living_The_Store_02.jpeg\" class=\"attachment- size-\" alt=\"\" srcset=\"https:\/\/www.about-living.com\/wp-content\/uploads\/2025\/09\/About_Living_The_Store_02.jpeg 1280w, https:\/\/www.about-living.com\/wp-content\/uploads\/2025\/09\/About_Living_The_Store_02-240x300.jpeg 240w, https:\/\/www.about-living.com\/wp-content\/uploads\/2025\/09\/About_Living_The_Store_02-819x1024.jpeg 819w, https:\/\/www.about-living.com\/wp-content\/uploads\/2025\/09\/About_Living_The_Store_02-768x960.jpeg 768w, https:\/\/www.about-living.com\/wp-content\/uploads\/2025\/09\/About_Living_The_Store_02-1229x1536.jpeg 1229w\" sizes=\"(max-width: 1280px) 100vw, 1280px\" \/>\t\t\t\t\t<\/a>\n\t\t\t<\/div>\n<\/div>\n<div class=\"qodef-e qodef-image-wrapper qodef-grid-item qodef-item--\">\n\t<div class=\"qodef-e-inner\">\n\t\t\t\t\t<a class=\"qodef-popup-item\" itemprop=\"image\" href=\"https:\/\/www.about-living.com\/wp-content\/uploads\/2025\/09\/About_Living_The_Store_03.jpeg\" data-type=\"image\" data-fslightbox=\"gallery-1\">\n\t\t\t\t\t<img decoding=\"async\" width=\"1920\" height=\"1280\" src=\"https:\/\/www.about-living.com\/wp-content\/uploads\/2025\/09\/About_Living_The_Store_03.jpeg\" class=\"attachment- size-\" alt=\"\" srcset=\"https:\/\/www.about-living.com\/wp-content\/uploads\/2025\/09\/About_Living_The_Store_03.jpeg 1920w, https:\/\/www.about-living.com\/wp-content\/uploads\/2025\/09\/About_Living_The_Store_03-300x200.jpeg 300w, https:\/\/www.about-living.com\/wp-content\/uploads\/2025\/09\/About_Living_The_Store_03-1024x683.jpeg 1024w, https:\/\/www.about-living.com\/wp-content\/uploads\/2025\/09\/About_Living_The_Store_03-768x512.jpeg 768w, https:\/\/www.about-living.com\/wp-content\/uploads\/2025\/09\/About_Living_The_Store_03-1536x1024.jpeg 1536w\" sizes=\"(max-width: 1920px) 100vw, 1920px\" \/>\t\t\t\t\t<\/a>\n\t\t\t<\/div>\n<\/div>\n<div class=\"qodef-e qodef-image-wrapper qodef-grid-item qodef-item--\">\n\t<div class=\"qodef-e-inner\">\n\t\t\t\t\t<a class=\"qodef-popup-item\" itemprop=\"image\" href=\"https:\/\/www.about-living.com\/wp-content\/uploads\/2025\/09\/About_Living_The_Store_04.jpeg\" data-type=\"image\" data-fslightbox=\"gallery-1\">\n\t\t\t\t\t<img loading=\"lazy\" decoding=\"async\" width=\"1920\" height=\"1280\" src=\"https:\/\/www.about-living.com\/wp-content\/uploads\/2025\/09\/About_Living_The_Store_04.jpeg\" class=\"attachment- size-\" alt=\"\" srcset=\"https:\/\/www.about-living.com\/wp-content\/uploads\/2025\/09\/About_Living_The_Store_04.jpeg 1920w, https:\/\/www.about-living.com\/wp-content\/uploads\/2025\/09\/About_Living_The_Store_04-300x200.jpeg 300w, https:\/\/www.about-living.com\/wp-content\/uploads\/2025\/09\/About_Living_The_Store_04-1024x683.jpeg 1024w, https:\/\/www.about-living.com\/wp-content\/uploads\/2025\/09\/About_Living_The_Store_04-768x512.jpeg 768w, https:\/\/www.about-living.com\/wp-content\/uploads\/2025\/09\/About_Living_The_Store_04-1536x1024.jpeg 1536w\" sizes=\"(max-width: 1920px) 100vw, 1920px\" \/>\t\t\t\t\t<\/a>\n\t\t\t<\/div>\n<\/div>\n<div class=\"qodef-e qodef-image-wrapper qodef-grid-item qodef-item--\">\n\t<div class=\"qodef-e-inner\">\n\t\t\t\t\t<a class=\"qodef-popup-item\" itemprop=\"image\" href=\"https:\/\/www.about-living.com\/wp-content\/uploads\/2025\/09\/About_Living_The_Store_05.jpeg\" data-type=\"image\" data-fslightbox=\"gallery-1\">\n\t\t\t\t\t<img loading=\"lazy\" decoding=\"async\" width=\"1920\" height=\"1280\" src=\"https:\/\/www.about-living.com\/wp-content\/uploads\/2025\/09\/About_Living_The_Store_05.jpeg\" class=\"attachment- size-\" alt=\"\" srcset=\"https:\/\/www.about-living.com\/wp-content\/uploads\/2025\/09\/About_Living_The_Store_05.jpeg 1920w, https:\/\/www.about-living.com\/wp-content\/uploads\/2025\/09\/About_Living_The_Store_05-300x200.jpeg 300w, https:\/\/www.about-living.com\/wp-content\/uploads\/2025\/09\/About_Living_The_Store_05-1024x683.jpeg 1024w, https:\/\/www.about-living.com\/wp-content\/uploads\/2025\/09\/About_Living_The_Store_05-768x512.jpeg 768w, https:\/\/www.about-living.com\/wp-content\/uploads\/2025\/09\/About_Living_The_Store_05-1536x1024.jpeg 1536w\" sizes=\"(max-width: 1920px) 100vw, 1920px\" \/>\t\t\t\t\t<\/a>\n\t\t\t<\/div>\n<\/div>\n<div class=\"qodef-e qodef-image-wrapper qodef-grid-item qodef-item--\">\n\t<div class=\"qodef-e-inner\">\n\t\t\t\t\t<a class=\"qodef-popup-item\" itemprop=\"image\" href=\"https:\/\/www.about-living.com\/wp-content\/uploads\/2025\/09\/About_Living_The_Store_06.jpeg\" data-type=\"image\" data-fslightbox=\"gallery-1\">\n\t\t\t\t\t<img loading=\"lazy\" decoding=\"async\" width=\"1920\" height=\"1280\" src=\"https:\/\/www.about-living.com\/wp-content\/uploads\/2025\/09\/About_Living_The_Store_06.jpeg\" class=\"attachment- size-\" alt=\"\" srcset=\"https:\/\/www.about-living.com\/wp-content\/uploads\/2025\/09\/About_Living_The_Store_06.jpeg 1920w, https:\/\/www.about-living.com\/wp-content\/uploads\/2025\/09\/About_Living_The_Store_06-300x200.jpeg 300w, https:\/\/www.about-living.com\/wp-content\/uploads\/2025\/09\/About_Living_The_Store_06-1024x683.jpeg 1024w, https:\/\/www.about-living.com\/wp-content\/uploads\/2025\/09\/About_Living_The_Store_06-768x512.jpeg 768w, https:\/\/www.about-living.com\/wp-content\/uploads\/2025\/09\/About_Living_The_Store_06-1536x1024.jpeg 1536w\" sizes=\"(max-width: 1920px) 100vw, 1920px\" \/>\t\t\t\t\t<\/a>\n\t\t\t<\/div>\n<\/div>\n<div class=\"qodef-e qodef-image-wrapper qodef-grid-item qodef-item--\">\n\t<div class=\"qodef-e-inner\">\n\t\t\t\t\t<a class=\"qodef-popup-item\" itemprop=\"image\" href=\"https:\/\/www.about-living.com\/wp-content\/uploads\/2025\/09\/About_Living_The_Store_07.jpg\" data-type=\"image\" data-fslightbox=\"gallery-1\">\n\t\t\t\t\t<img loading=\"lazy\" decoding=\"async\" width=\"1920\" height=\"1440\" src=\"https:\/\/www.about-living.com\/wp-content\/uploads\/2025\/09\/About_Living_The_Store_07.jpg\" class=\"attachment- size-\" alt=\"\" srcset=\"https:\/\/www.about-living.com\/wp-content\/uploads\/2025\/09\/About_Living_The_Store_07.jpg 1920w, https:\/\/www.about-living.com\/wp-content\/uploads\/2025\/09\/About_Living_The_Store_07-300x225.jpg 300w, https:\/\/www.about-living.com\/wp-content\/uploads\/2025\/09\/About_Living_The_Store_07-1024x768.jpg 1024w, https:\/\/www.about-living.com\/wp-content\/uploads\/2025\/09\/About_Living_The_Store_07-768x576.jpg 768w, https:\/\/www.about-living.com\/wp-content\/uploads\/2025\/09\/About_Living_The_Store_07-1536x1152.jpg 1536w\" sizes=\"(max-width: 1920px) 100vw, 1920px\" \/>\t\t\t\t\t<\/a>\n\t\t\t<\/div>\n<\/div>\n<div class=\"qodef-e qodef-image-wrapper qodef-grid-item qodef-item--\">\n\t<div class=\"qodef-e-inner\">\n\t\t\t\t\t<a class=\"qodef-popup-item\" itemprop=\"image\" href=\"https:\/\/www.about-living.com\/wp-content\/uploads\/2025\/09\/About_Living_The_Store_08.jpeg\" data-type=\"image\" data-fslightbox=\"gallery-1\">\n\t\t\t\t\t<img loading=\"lazy\" decoding=\"async\" width=\"1280\" height=\"1600\" src=\"https:\/\/www.about-living.com\/wp-content\/uploads\/2025\/09\/About_Living_The_Store_08.jpeg\" class=\"attachment- size-\" alt=\"\" srcset=\"https:\/\/www.about-living.com\/wp-content\/uploads\/2025\/09\/About_Living_The_Store_08.jpeg 1280w, https:\/\/www.about-living.com\/wp-content\/uploads\/2025\/09\/About_Living_The_Store_08-240x300.jpeg 240w, https:\/\/www.about-living.com\/wp-content\/uploads\/2025\/09\/About_Living_The_Store_08-819x1024.jpeg 819w, https:\/\/www.about-living.com\/wp-content\/uploads\/2025\/09\/About_Living_The_Store_08-768x960.jpeg 768w, https:\/\/www.about-living.com\/wp-content\/uploads\/2025\/09\/About_Living_The_Store_08-1229x1536.jpeg 1229w\" sizes=\"(max-width: 1280px) 100vw, 1280px\" \/>\t\t\t\t\t<\/a>\n\t\t\t<\/div>\n<\/div>\n<div class=\"qodef-e qodef-image-wrapper qodef-grid-item qodef-item--\">\n\t<div class=\"qodef-e-inner\">\n\t\t\t\t\t<a class=\"qodef-popup-item\" itemprop=\"image\" href=\"https:\/\/www.about-living.com\/wp-content\/uploads\/2025\/09\/About_Living_The_Store_09.jpeg\" data-type=\"image\" data-fslightbox=\"gallery-1\">\n\t\t\t\t\t<img loading=\"lazy\" decoding=\"async\" width=\"1280\" height=\"1600\" src=\"https:\/\/www.about-living.com\/wp-content\/uploads\/2025\/09\/About_Living_The_Store_09.jpeg\" class=\"attachment- size-\" alt=\"\" srcset=\"https:\/\/www.about-living.com\/wp-content\/uploads\/2025\/09\/About_Living_The_Store_09.jpeg 1280w, https:\/\/www.about-living.com\/wp-content\/uploads\/2025\/09\/About_Living_The_Store_09-240x300.jpeg 240w, https:\/\/www.about-living.com\/wp-content\/uploads\/2025\/09\/About_Living_The_Store_09-819x1024.jpeg 819w, https:\/\/www.about-living.com\/wp-content\/uploads\/2025\/09\/About_Living_The_Store_09-768x960.jpeg 768w, https:\/\/www.about-living.com\/wp-content\/uploads\/2025\/09\/About_Living_The_Store_09-1229x1536.jpeg 1229w\" sizes=\"(max-width: 1280px) 100vw, 1280px\" \/>\t\t\t\t\t<\/a>\n\t\t\t<\/div>\n<\/div>\n<div class=\"qodef-e qodef-image-wrapper qodef-grid-item qodef-item--\">\n\t<div class=\"qodef-e-inner\">\n\t\t\t\t\t<a class=\"qodef-popup-item\" itemprop=\"image\" href=\"https:\/\/www.about-living.com\/wp-content\/uploads\/2025\/09\/About_Living_The_Store_10.jpeg\" data-type=\"image\" data-fslightbox=\"gallery-1\">\n\t\t\t\t\t<img loading=\"lazy\" decoding=\"async\" width=\"1280\" height=\"1600\" src=\"https:\/\/www.about-living.com\/wp-content\/uploads\/2025\/09\/About_Living_The_Store_10.jpeg\" class=\"attachment- size-\" alt=\"\" srcset=\"https:\/\/www.about-living.com\/wp-content\/uploads\/2025\/09\/About_Living_The_Store_10.jpeg 1280w, https:\/\/www.about-living.com\/wp-content\/uploads\/2025\/09\/About_Living_The_Store_10-240x300.jpeg 240w, https:\/\/www.about-living.com\/wp-content\/uploads\/2025\/09\/About_Living_The_Store_10-819x1024.jpeg 819w, https:\/\/www.about-living.com\/wp-content\/uploads\/2025\/09\/About_Living_The_Store_10-768x960.jpeg 768w, https:\/\/www.about-living.com\/wp-content\/uploads\/2025\/09\/About_Living_The_Store_10-1229x1536.jpeg 1229w\" sizes=\"(max-width: 1280px) 100vw, 1280px\" \/>\t\t\t\t\t<\/a>\n\t\t\t<\/div>\n<\/div>\n<div class=\"qodef-e qodef-image-wrapper qodef-grid-item qodef-item--\">\n\t<div class=\"qodef-e-inner\">\n\t\t\t\t\t<a class=\"qodef-popup-item\" itemprop=\"image\" href=\"https:\/\/www.about-living.com\/wp-content\/uploads\/2025\/09\/About_Living_The_Store_11.jpeg\" data-type=\"image\" data-fslightbox=\"gallery-1\">\n\t\t\t\t\t<img loading=\"lazy\" decoding=\"async\" width=\"1280\" height=\"1600\" src=\"https:\/\/www.about-living.com\/wp-content\/uploads\/2025\/09\/About_Living_The_Store_11.jpeg\" class=\"attachment- size-\" alt=\"\" srcset=\"https:\/\/www.about-living.com\/wp-content\/uploads\/2025\/09\/About_Living_The_Store_11.jpeg 1280w, https:\/\/www.about-living.com\/wp-content\/uploads\/2025\/09\/About_Living_The_Store_11-240x300.jpeg 240w, https:\/\/www.about-living.com\/wp-content\/uploads\/2025\/09\/About_Living_The_Store_11-819x1024.jpeg 819w, https:\/\/www.about-living.com\/wp-content\/uploads\/2025\/09\/About_Living_The_Store_11-768x960.jpeg 768w, https:\/\/www.about-living.com\/wp-content\/uploads\/2025\/09\/About_Living_The_Store_11-1229x1536.jpeg 1229w\" sizes=\"(max-width: 1280px) 100vw, 1280px\" \/>\t\t\t\t\t<\/a>\n\t\t\t<\/div>\n<\/div>\n<div class=\"qodef-e qodef-image-wrapper qodef-grid-item qodef-item--\">\n\t<div class=\"qodef-e-inner\">\n\t\t\t\t\t<a class=\"qodef-popup-item\" itemprop=\"image\" href=\"https:\/\/www.about-living.com\/wp-content\/uploads\/2025\/09\/About_Living_The_Store_12.jpeg\" data-type=\"image\" data-fslightbox=\"gallery-1\">\n\t\t\t\t\t<img loading=\"lazy\" decoding=\"async\" width=\"1280\" height=\"1600\" src=\"https:\/\/www.about-living.com\/wp-content\/uploads\/2025\/09\/About_Living_The_Store_12.jpeg\" class=\"attachment- size-\" alt=\"\" srcset=\"https:\/\/www.about-living.com\/wp-content\/uploads\/2025\/09\/About_Living_The_Store_12.jpeg 1280w, https:\/\/www.about-living.com\/wp-content\/uploads\/2025\/09\/About_Living_The_Store_12-240x300.jpeg 240w, https:\/\/www.about-living.com\/wp-content\/uploads\/2025\/09\/About_Living_The_Store_12-819x1024.jpeg 819w, https:\/\/www.about-living.com\/wp-content\/uploads\/2025\/09\/About_Living_The_Store_12-768x960.jpeg 768w, https:\/\/www.about-living.com\/wp-content\/uploads\/2025\/09\/About_Living_The_Store_12-1229x1536.jpeg 1229w\" sizes=\"(max-width: 1280px) 100vw, 1280px\" \/>\t\t\t\t\t<\/a>\n\t\t\t<\/div>\n<\/div>\n<div class=\"qodef-e qodef-image-wrapper qodef-grid-item qodef-item--\">\n\t<div class=\"qodef-e-inner\">\n\t\t\t\t\t<a class=\"qodef-popup-item\" itemprop=\"image\" href=\"https:\/\/www.about-living.com\/wp-content\/uploads\/2025\/09\/About_Living_The_Store_13.jpeg\" data-type=\"image\" data-fslightbox=\"gallery-1\">\n\t\t\t\t\t<img loading=\"lazy\" decoding=\"async\" width=\"1280\" height=\"1600\" src=\"https:\/\/www.about-living.com\/wp-content\/uploads\/2025\/09\/About_Living_The_Store_13.jpeg\" class=\"attachment- size-\" alt=\"\" srcset=\"https:\/\/www.about-living.com\/wp-content\/uploads\/2025\/09\/About_Living_The_Store_13.jpeg 1280w, https:\/\/www.about-living.com\/wp-content\/uploads\/2025\/09\/About_Living_The_Store_13-240x300.jpeg 240w, https:\/\/www.about-living.com\/wp-content\/uploads\/2025\/09\/About_Living_The_Store_13-819x1024.jpeg 819w, https:\/\/www.about-living.com\/wp-content\/uploads\/2025\/09\/About_Living_The_Store_13-768x960.jpeg 768w, https:\/\/www.about-living.com\/wp-content\/uploads\/2025\/09\/About_Living_The_Store_13-1229x1536.jpeg 1229w\" sizes=\"(max-width: 1280px) 100vw, 1280px\" \/>\t\t\t\t\t<\/a>\n\t\t\t<\/div>\n<\/div>\n<div class=\"qodef-e qodef-image-wrapper qodef-grid-item qodef-item--\">\n\t<div class=\"qodef-e-inner\">\n\t\t\t\t\t<a class=\"qodef-popup-item\" itemprop=\"image\" href=\"https:\/\/www.about-living.com\/wp-content\/uploads\/2025\/09\/About_Living_The_Store_14.jpeg\" data-type=\"image\" data-fslightbox=\"gallery-1\">\n\t\t\t\t\t<img loading=\"lazy\" decoding=\"async\" width=\"1920\" height=\"1280\" src=\"https:\/\/www.about-living.com\/wp-content\/uploads\/2025\/09\/About_Living_The_Store_14.jpeg\" class=\"attachment- size-\" alt=\"\" srcset=\"https:\/\/www.about-living.com\/wp-content\/uploads\/2025\/09\/About_Living_The_Store_14.jpeg 1920w, https:\/\/www.about-living.com\/wp-content\/uploads\/2025\/09\/About_Living_The_Store_14-300x200.jpeg 300w, https:\/\/www.about-living.com\/wp-content\/uploads\/2025\/09\/About_Living_The_Store_14-1024x683.jpeg 1024w, https:\/\/www.about-living.com\/wp-content\/uploads\/2025\/09\/About_Living_The_Store_14-768x512.jpeg 768w, https:\/\/www.about-living.com\/wp-content\/uploads\/2025\/09\/About_Living_The_Store_14-1536x1024.jpeg 1536w\" sizes=\"(max-width: 1920px) 100vw, 1920px\" \/>\t\t\t\t\t<\/a>\n\t\t\t<\/div>\n<\/div>\n\t<\/div>\n<\/div>\n\t\t\t\t<\/div>\n\t\t\t\t<\/div>\n\t\t\t\t<\/div>\n\t\t\t\t\t<\/div>\n\t\t\t\t<\/div>\n\t\t<div class=\"elementor-element elementor-element-333c67d e-flex e-con-boxed qodef-elementor-content-no e-con e-parent\" data-id=\"333c67d\" data-element_type=\"container\" data-e-type=\"container\">\n\t\t\t\t\t<div class=\"e-con-inner\">\n\t\t\t\t<div class=\"elementor-element elementor-element-0ef03c3 elementor-widget elementor-widget-google_maps\" data-id=\"0ef03c3\" data-element_type=\"widget\" data-e-type=\"widget\" data-widget_type=\"google_maps.default\">\n\t\t\t\t\t\t\t<div class=\"elementor-custom-embed\">\n\t\t\t<iframe loading=\"lazy\"\n\t\t\t\t\tsrc=\"https:\/\/maps.google.com\/maps?q=About%20Living%2C%20C%2FIlles%20Balears%2024%2C%2007180%20Calvi%C3%A0&#038;t=m&#038;z=11&#038;output=embed&#038;iwloc=near\"\n\t\t\t\t\ttitle=\"About Living, C\/Illes Balears 24, 07180 Calvi\u00e0\"\n\t\t\t\t\taria-label=\"About Living, C\/Illes Balears 24, 07180 Calvi\u00e0\"\n\t\t\t><\/iframe>\n\t\t<\/div>\n\t\t\t\t\t\t<\/div>\n\t\t\t\t\t<\/div>\n\t\t\t\t<\/div>\n\t\t\t\t<\/div>\n\t\t","protected":false},"excerpt":{"rendered":"<p>Store &amp; Showroom Vores forretning og kontorer er beliggende i Poligono Son Bugadelles, Santa Ponsa. I vores forretning finder du m\u00f8bler og boligtilbeh\u00f8r fra internationale kendte m\u00e6rker, belysning, tekstiler, tapetter samt mange andre detaljer til hjemmet. G\u00e5 p\u00e5 opdagelse i vores showroom og f\u00e5 en masse inspiration samt professionel vejledning.<\/p>\n","protected":false},"author":2,"featured_media":0,"parent":0,"menu_order":0,"comment_status":"closed","ping_status":"closed","template":"page-full-width.php","meta":{"footnotes":""},"class_list":["post-8769","page","type-page","status-publish","hentry"],"_links":{"self":[{"href":"https:\/\/www.about-living.com\/da\/wp-json\/wp\/v2\/pages\/8769","targetHints":{"allow":["GET"]}}],"collection":[{"href":"https:\/\/www.about-living.com\/da\/wp-json\/wp\/v2\/pages"}],"about":[{"href":"https:\/\/www.about-living.com\/da\/wp-json\/wp\/v2\/types\/page"}],"author":[{"embeddable":true,"href":"https:\/\/www.about-living.com\/da\/wp-json\/wp\/v2\/users\/2"}],"replies":[{"embeddable":true,"href":"https:\/\/www.about-living.com\/da\/wp-json\/wp\/v2\/comments?post=8769"}],"version-history":[{"count":1,"href":"https:\/\/www.about-living.com\/da\/wp-json\/wp\/v2\/pages\/8769\/revisions"}],"predecessor-version":[{"id":8770,"href":"https:\/\/www.about-living.com\/da\/wp-json\/wp\/v2\/pages\/8769\/revisions\/8770"}],"wp:attachment":[{"href":"https:\/\/www.about-living.com\/da\/wp-json\/wp\/v2\/media?parent=8769"}],"curies":[{"name":"wp","href":"https:\/\/api.w.org\/{rel}","templated":true}]}}